{"id":2277,"date":"2024-04-01T20:10:48","date_gmt":"2024-04-01T18:10:48","guid":{"rendered":"https:\/\/sillaselevadoras.es\/sillas-elevadoras-tarrega-copy\/"},"modified":"2026-05-01T23:53:12","modified_gmt":"2026-05-01T21:53:12","slug":"cadira-salvaescales-tortosa","status":"publish","type":"page","link":"https:\/\/sillaselevadoras.es\/ca\/sillas-elevadoras-tortosa\/","title":{"rendered":"Cadiras Elevadores Tortosa"},"content":{"rendered":"<div class=\"wp-block-group farre-local-info is-layout-flow wp-block-group-is-layout-flow\" style=\"background-color:#fff8f0;padding:24px\">\n\n<h2 class=\"wp-block-heading\">Sillas Elevadoras en Tortosa \u2014 Servicio Local Farr\u00e9 Accessibilitat<\/h2>\n\n\n<p>En Farr\u00e9 Accessibilitat llevamos m\u00e1s de 15 a\u00f1os instalando sillas salvaescaleras en Tortosa y toda la comarca de Baix Ebre. La capital de las Terres de l&#8217;Ebre, con casas de varias plantas a orillas del Ebro y un casco antiguo con escaleras de piedra. Instalamos en menos de 24 horas, sin obras.<\/p>\n\n\n<p><strong>Presupuesto gratuito en Tortosa:<\/strong> Envia un v\u00eddeo per WhatsApp a <a href=\"tel:+34609314500\">609 314 500<\/a> i en 2 hores t\u00e9 resposta. Cadira recta <strong>HomeGlide<\/strong> i corba <strong>Flow X<\/strong>. Finan\u00e7ament 72 mesos sense interessos. Membres del Gremi d\u2019Ascensors de Catalunya i col\u00b7laboradors de l\u2019Institut Guttmann.<\/p>\n\n\n<p>\ud83d\udccd <strong>Oficina m\u00e9s propera:<\/strong> Tarragona \u00b7 Avinguda de Roma, 23 14-4 \u00b7 Tel: 877278126 \/ 609314500<\/p>\n\n<\/div>\n\n\n\n<!-- joan_internal_links_start --><h3>Altres ciutats properes<\/h3><p><a href=\"\/ca\/cadira-salvaescales-olot\/\">Salvaescaleras Olot<\/a> \u00b7 <a href=\"\/ca\/cadiras-elevadores-valles\/\">Salvaescales Vall\u00e8s<\/a> \u00b7 <a href=\"\/ca\/cadira-salvaescales-cervera\/\">Salvaescaleras Cervera<\/a> \u00b7 <a href=\"\/ca\/cadira-salvaescales-castelldefels\/\">Salvaescaleras Castelldefels<\/a> \u00b7 <a href=\"\/ca\/cadira-salvaescales-sadurni-anoia\/\">Salvaescaleras Sadurni Anoia<\/a> \u00b7 <a href=\"\/ca\/cadira-salvaescales-vilafranca-del-penedes\/\">Salvaescales Vilafranca Del Pened\u00e8s<\/a><\/p><!-- joan_internal_links_end -->","protected":false},"excerpt":{"rendered":"<p>Sillas Elevadoras en Tortosa \u2014 Servicio Local Farr\u00e9 Accessibilitat En Farr\u00e9 Accessibilitat llevamos m\u00e1s de 15 a\u00f1os instalando sillas salvaescaleras en Tortosa y toda la comarca de Baix Ebre. La capital de las Terres de l&#8217;Ebre, con casas de varias plantas a orillas del Ebro y un casco antiguo con escaleras de piedra. Instalamos en [&hellip;]<\/p>\n","protected":false},"author":1,"featured_media":506,"parent":0,"menu_order":0,"comment_status":"closed","ping_status":"closed","template":"elementor_header_footer","meta":{"_yoast_wpseo_focuskw":"salvaescaleras Tortosa","_yoast_wpseo_title":"Sillas Elevadoras Tortosa: presupuesto 24h | Sillas Elevadoras","_yoast_wpseo_metadesc":"Sillas elevadoras y salvaescaleras en Tortosa. Instalaci\u00f3n sin obras en 1 d\u00eda, postventa propio. Atendemos toda Catalu\u00f1a. Presupuesto en 24h sin compromiso.","_yoast_wpseo_meta-robots-noindex":"","_yoast_wpseo_canonical":"","_yoast_wpseo_opengraph-title":"Sillas Elevadoras Tortosa: presupuesto 24h | Sillas Elevadoras","_yoast_wpseo_opengraph-description":"Sillas elevadoras y salvaescaleras en Tortosa. Instalaci\u00f3n sin obras en 1 d\u00eda, postventa propio. Atendemos toda Catalu\u00f1a. Presupuesto en 24h sin compromiso.","_yoast_wpseo_opengraph-image":"","_yoast_wpseo_twitter-title":"","_yoast_wpseo_twitter-description":"","footnotes":""},"class_list":["post-2277","page","type-page","status-publish","has-post-thumbnail","hentry"],"yoast_head":"<!-- This site is optimized with the Yoast SEO Premium plugin v27.5 (Yoast SEO v27.5) - https:\/\/yoast.com\/product\/yoast-seo-premium-wordpress\/ -->\n<title>Sillas Elevadoras Tortosa: presupuesto 24h | Sillas Elevadoras<\/title>\n<meta name=\"description\" content=\"Sillas elevadoras y salvaescaleras en Tortosa. Instalaci\u00f3n sin obras en 1 d\u00eda, postventa propio. Atendemos toda Catalu\u00f1a. Presupuesto en 24h sin compromiso.\" \/>\n<meta name=\"robots\" content=\"index, follow, max-snippet:-1, max-image-preview:large, max-video-preview:-1\" \/>\n<link rel=\"canonical\" href=\"https:\/\/sillaselevadoras.es\/ca\/cadira-salvaescales-tortosa\/\" \/>\n<meta property=\"og:locale\" content=\"ca_ES\" \/>\n<meta property=\"og:type\" content=\"article\" \/>\n<meta property=\"og:title\" content=\"Sillas Elevadoras Tortosa: presupuesto 24h | Sillas Elevadoras\" \/>\n<meta property=\"og:description\" content=\"Sillas elevadoras y salvaescaleras en Tortosa. Instalaci\u00f3n sin obras en 1 d\u00eda, postventa propio. Atendemos toda Catalu\u00f1a. Presupuesto en 24h sin compromiso.\" \/>\n<meta property=\"og:url\" content=\"https:\/\/sillaselevadoras.es\/ca\/cadira-salvaescales-tortosa\/\" \/>\n<meta property=\"og:site_name\" content=\"Sillas Elevadoras\" \/>\n<meta property=\"article:modified_time\" content=\"2026-05-01T21:53:12+00:00\" \/>\n<meta property=\"og:image\" content=\"https:\/\/sillaselevadoras.es\/wp-content\/uploads\/2024\/02\/Flow-X_Main_Wide-6-scaled-1.jpg\" \/>\n\t<meta property=\"og:image:width\" content=\"2560\" \/>\n\t<meta property=\"og:image:height\" content=\"1692\" \/>\n\t<meta property=\"og:image:type\" content=\"image\/jpeg\" \/>\n<meta name=\"twitter:card\" content=\"summary_large_image\" \/>\n<meta name=\"twitter:title\" content=\"Sillas Elevadoras Tortosa\" \/>\n<meta name=\"twitter:label1\" content=\"Temps estimat de lectura\" \/>\n\t<meta name=\"twitter:data1\" content=\"12 minuts\" \/>\n<script type=\"application\/ld+json\" class=\"yoast-schema-graph\">{\"@context\":\"https:\\\/\\\/schema.org\",\"@graph\":[{\"@type\":\"WebPage\",\"@id\":\"https:\\\/\\\/sillaselevadoras.es\\\/sillas-elevadoras-tortosa\\\/\",\"url\":\"https:\\\/\\\/sillaselevadoras.es\\\/sillas-elevadoras-tortosa\\\/\",\"name\":\"Sillas Elevadoras Tortosa: presupuesto 24h | Sillas Elevadoras\",\"isPartOf\":{\"@id\":\"https:\\\/\\\/sillaselevadoras.es\\\/#website\"},\"primaryImageOfPage\":{\"@id\":\"https:\\\/\\\/sillaselevadoras.es\\\/sillas-elevadoras-tortosa\\\/#primaryimage\"},\"image\":{\"@id\":\"https:\\\/\\\/sillaselevadoras.es\\\/sillas-elevadoras-tortosa\\\/#primaryimage\"},\"thumbnailUrl\":\"https:\\\/\\\/sillaselevadoras.es\\\/wp-content\\\/uploads\\\/2024\\\/02\\\/Flow-X_Main_Wide-6-scaled-1.jpg\",\"datePublished\":\"2024-04-01T18:10:48+00:00\",\"dateModified\":\"2026-05-01T21:53:12+00:00\",\"description\":\"Sillas elevadoras y salvaescaleras en Tortosa. Instalaci\u00f3n sin obras en 1 d\u00eda, postventa propio. Atendemos toda Catalu\u00f1a. Presupuesto en 24h sin compromiso.\",\"breadcrumb\":{\"@id\":\"https:\\\/\\\/sillaselevadoras.es\\\/sillas-elevadoras-tortosa\\\/#breadcrumb\"},\"inLanguage\":\"ca\",\"potentialAction\":[{\"@type\":\"ReadAction\",\"target\":[\"https:\\\/\\\/sillaselevadoras.es\\\/sillas-elevadoras-tortosa\\\/\"]}]},{\"@type\":\"ImageObject\",\"inLanguage\":\"ca\",\"@id\":\"https:\\\/\\\/sillaselevadoras.es\\\/sillas-elevadoras-tortosa\\\/#primaryimage\",\"url\":\"https:\\\/\\\/sillaselevadoras.es\\\/wp-content\\\/uploads\\\/2024\\\/02\\\/Flow-X_Main_Wide-6-scaled-1.jpg\",\"contentUrl\":\"https:\\\/\\\/sillaselevadoras.es\\\/wp-content\\\/uploads\\\/2024\\\/02\\\/Flow-X_Main_Wide-6-scaled-1.jpg\",\"width\":2560,\"height\":1692},{\"@type\":\"BreadcrumbList\",\"@id\":\"https:\\\/\\\/sillaselevadoras.es\\\/sillas-elevadoras-tortosa\\\/#breadcrumb\",\"itemListElement\":[{\"@type\":\"ListItem\",\"position\":1,\"name\":\"Portada\",\"item\":\"https:\\\/\\\/sillaselevadoras.es\\\/\"},{\"@type\":\"ListItem\",\"position\":2,\"name\":\"Sillas Elevadoras Tortosa\"}]},{\"@type\":\"WebSite\",\"@id\":\"https:\\\/\\\/sillaselevadoras.es\\\/#website\",\"url\":\"https:\\\/\\\/sillaselevadoras.es\\\/\",\"name\":\"Sillas Elevadoras\",\"description\":\"Sillas salvaescaleras\",\"publisher\":{\"@id\":\"https:\\\/\\\/sillaselevadoras.es\\\/#organization\"},\"potentialAction\":[{\"@type\":\"SearchAction\",\"target\":{\"@type\":\"EntryPoint\",\"urlTemplate\":\"https:\\\/\\\/sillaselevadoras.es\\\/?s={search_term_string}\"},\"query-input\":{\"@type\":\"PropertyValueSpecification\",\"valueRequired\":true,\"valueName\":\"search_term_string\"}}],\"inLanguage\":\"ca\"},{\"@type\":\"Organization\",\"@id\":\"https:\\\/\\\/sillaselevadoras.es\\\/#organization\",\"name\":\"Sillas Elevadoras\",\"url\":\"https:\\\/\\\/sillaselevadoras.es\\\/\",\"logo\":{\"@type\":\"ImageObject\",\"inLanguage\":\"ca\",\"@id\":\"https:\\\/\\\/sillaselevadoras.es\\\/#\\\/schema\\\/logo\\\/image\\\/\",\"url\":\"https:\\\/\\\/sillaselevadoras.es\\\/wp-content\\\/uploads\\\/2023\\\/12\\\/Sillas-elevadoras-Logo-72-ppp-1.png\",\"contentUrl\":\"https:\\\/\\\/sillaselevadoras.es\\\/wp-content\\\/uploads\\\/2023\\\/12\\\/Sillas-elevadoras-Logo-72-ppp-1.png\",\"width\":842,\"height\":596,\"caption\":\"Sillas Elevadoras\"},\"image\":{\"@id\":\"https:\\\/\\\/sillaselevadoras.es\\\/#\\\/schema\\\/logo\\\/image\\\/\"}}]}<\/script>\n<!-- \/ Yoast SEO Premium plugin. -->","yoast_head_json":{"title":"Cadires Elevadores Tortosa: pressupost 24h | Cadires Elevadores","description":"Cadires elevadores i salvaescales a Tortosa. Instal\u00b7laci\u00f3 sense obres en 1 dia, postvenda propi. Atemem tot Catalunya. Pressupost en 24h sense comprom\u00eds.","robots":{"index":"index","follow":"follow","max-snippet":"max-snippet:-1","max-image-preview":"max-image-preview:large","max-video-preview":"max-video-preview:-1"},"canonical":"https:\/\/sillaselevadoras.es\/ca\/cadira-salvaescales-tortosa\/","og_locale":"ca_ES","og_type":"article","og_title":"Sillas Elevadoras Tortosa: presupuesto 24h | Sillas Elevadoras","og_description":"Sillas elevadoras y salvaescaleras en Tortosa. Instalaci\u00f3n sin obras en 1 d\u00eda, postventa propio. Atendemos toda Catalu\u00f1a. Presupuesto en 24h sin compromiso.","og_url":"https:\/\/sillaselevadoras.es\/ca\/cadira-salvaescales-tortosa\/","og_site_name":"Sillas Elevadoras","article_modified_time":"2026-05-01T21:53:12+00:00","og_image":[{"width":2560,"height":1692,"url":"https:\/\/sillaselevadoras.es\/wp-content\/uploads\/2024\/02\/Flow-X_Main_Wide-6-scaled-1.jpg","type":"image\/jpeg"}],"twitter_card":"summary_large_image","twitter_title":"Sillas Elevadoras Tortosa","twitter_misc":{"Temps estimat de lectura":"12 minuts"},"schema":{"@context":"https:\/\/schema.org","@graph":[{"@type":"WebPage","@id":"https:\/\/sillaselevadoras.es\/sillas-elevadoras-tortosa\/","url":"https:\/\/sillaselevadoras.es\/sillas-elevadoras-tortosa\/","name":"Cadires Elevadores Tortosa: pressupost 24h | Cadires Elevadores","isPartOf":{"@id":"https:\/\/sillaselevadoras.es\/#website"},"primaryImageOfPage":{"@id":"https:\/\/sillaselevadoras.es\/sillas-elevadoras-tortosa\/#primaryimage"},"image":{"@id":"https:\/\/sillaselevadoras.es\/sillas-elevadoras-tortosa\/#primaryimage"},"thumbnailUrl":"https:\/\/sillaselevadoras.es\/wp-content\/uploads\/2024\/02\/Flow-X_Main_Wide-6-scaled-1.jpg","datePublished":"2024-04-01T18:10:48+00:00","dateModified":"2026-05-01T21:53:12+00:00","description":"Cadires elevadores i salvaescales a Tortosa. Instal\u00b7laci\u00f3 sense obres en 1 dia, postvenda propi. Atemem tot Catalunya. Pressupost en 24h sense comprom\u00eds.","breadcrumb":{"@id":"https:\/\/sillaselevadoras.es\/sillas-elevadoras-tortosa\/#breadcrumb"},"inLanguage":"ca","potentialAction":[{"@type":"ReadAction","target":["https:\/\/sillaselevadoras.es\/sillas-elevadoras-tortosa\/"]}]},{"@type":"ImageObject","inLanguage":"ca","@id":"https:\/\/sillaselevadoras.es\/sillas-elevadoras-tortosa\/#primaryimage","url":"https:\/\/sillaselevadoras.es\/wp-content\/uploads\/2024\/02\/Flow-X_Main_Wide-6-scaled-1.jpg","contentUrl":"https:\/\/sillaselevadoras.es\/wp-content\/uploads\/2024\/02\/Flow-X_Main_Wide-6-scaled-1.jpg","width":2560,"height":1692},{"@type":"BreadcrumbList","@id":"https:\/\/sillaselevadoras.es\/sillas-elevadoras-tortosa\/#breadcrumb","itemListElement":[{"@type":"ListItem","position":1,"name":"Portada","item":"https:\/\/sillaselevadoras.es\/"},{"@type":"ListItem","position":2,"name":"Sillas Elevadoras Tortosa"}]},{"@type":"WebSite","@id":"https:\/\/sillaselevadoras.es\/#website","url":"https:\/\/sillaselevadoras.es\/","name":"Cadira salvaescales","description":"Cadiretes salvaescales","publisher":{"@id":"https:\/\/sillaselevadoras.es\/#organization"},"potentialAction":[{"@type":"SearchAction","target":{"@type":"EntryPoint","urlTemplate":"https:\/\/sillaselevadoras.es\/?s={search_term_string}"},"query-input":{"@type":"PropertyValueSpecification","valueRequired":true,"valueName":"search_term_string"}}],"inLanguage":"ca"},{"@type":"Organization","@id":"https:\/\/sillaselevadoras.es\/#organization","name":"Cadira salvaescales","url":"https:\/\/sillaselevadoras.es\/","logo":{"@type":"ImageObject","inLanguage":"ca","@id":"https:\/\/sillaselevadoras.es\/#\/schema\/logo\/image\/","url":"https:\/\/sillaselevadoras.es\/wp-content\/uploads\/2023\/12\/Sillas-elevadoras-Logo-72-ppp-1.png","contentUrl":"https:\/\/sillaselevadoras.es\/wp-content\/uploads\/2023\/12\/Sillas-elevadoras-Logo-72-ppp-1.png","width":842,"height":596,"caption":"Sillas Elevadoras"},"image":{"@id":"https:\/\/sillaselevadoras.es\/#\/schema\/logo\/image\/"}}]}},"_links":{"self":[{"href":"https:\/\/sillaselevadoras.es\/ca\/wp-json\/wp\/v2\/pages\/2277","targetHints":{"allow":["GET"]}}],"collection":[{"href":"https:\/\/sillaselevadoras.es\/ca\/wp-json\/wp\/v2\/pages"}],"about":[{"href":"https:\/\/sillaselevadoras.es\/ca\/wp-json\/wp\/v2\/types\/page"}],"author":[{"embeddable":true,"href":"https:\/\/sillaselevadoras.es\/ca\/wp-json\/wp\/v2\/users\/1"}],"replies":[{"embeddable":true,"href":"https:\/\/sillaselevadoras.es\/ca\/wp-json\/wp\/v2\/comments?post=2277"}],"version-history":[{"count":6,"href":"https:\/\/sillaselevadoras.es\/ca\/wp-json\/wp\/v2\/pages\/2277\/revisions"}],"predecessor-version":[{"id":3028,"href":"https:\/\/sillaselevadoras.es\/ca\/wp-json\/wp\/v2\/pages\/2277\/revisions\/3028"}],"wp:featuredmedia":[{"embeddable":true,"href":"https:\/\/sillaselevadoras.es\/ca\/wp-json\/wp\/v2\/media\/506"}],"wp:attachment":[{"href":"https:\/\/sillaselevadoras.es\/ca\/wp-json\/wp\/v2\/media?parent=2277"}],"curies":[{"name":"wp","href":"https:\/\/api.w.org\/{rel}","templated":true}]}}